{"id":45,"date":"2021-01-14T15:14:03","date_gmt":"2021-01-14T14:14:03","guid":{"rendered":"https:\/\/www.jean-pierre-rivalain.com\/?page_id=45"},"modified":"2024-11-21T16:51:01","modified_gmt":"2024-11-21T15:51:01","slug":"tele-pilote-de-drone","status":"publish","type":"page","link":"https:\/\/www.jean-pierre-rivalain.com\/en\/tele-pilote-de-drone\/","title":{"rendered":"Drone Pilot"},"content":{"rendered":"<p class=\"has-titan-white-color has-text-color\" style=\"font-size:25px\"><strong>Drone Pilot<\/strong><\/p>\n\n\n\n<p class=\"has-titan-white-color has-text-color\" style=\"font-size:25px\"><strong>N\u00b0 d\u2019exploitant d\u00e9clar\u00e9&nbsp;: ED6585<\/strong><\/p>\n\n\n\n<p class=\"has-titan-white-color has-text-color\" style=\"font-size:25px\"><\/p>\n\n\n\n<p class=\"has-titan-white-color has-text-color\" style=\"font-size:25px\"><strong>Drone utilis\u00e9\u00a0: Dji\u00a0 Mavic 3 Pro &#8211; Dji Phantom 4 Pro \u2013 Tournage en 4 K-50p<\/strong><\/p>\n\n\n\n<p><\/p>","protected":false},"excerpt":{"rendered":"<p>T\u00e9l\u00e9 Pilote de Drone N\u00b0 d\u2019exploitant d\u00e9clar\u00e9&nbsp;: ED6585 Drone utilis\u00e9\u00a0: Dji\u00a0 Mavic 3 Pro &#8211; Dji Phantom 4 Pro \u2013 Tournage en 4 K-50p<\/p>","protected":false},"author":3,"featured_media":150,"parent":0,"menu_order":5,"comment_status":"closed","ping_status":"closed","template":"","meta":{"footnotes":""},"class_list":["post-45","page","type-page","status-publish","has-post-thumbnail","hentry"],"jetpack_sharing_enabled":true,"_links":{"self":[{"href":"https:\/\/www.jean-pierre-rivalain.com\/en\/wp-json\/wp\/v2\/pages\/45","targetHints":{"allow":["GET"]}}],"collection":[{"href":"https:\/\/www.jean-pierre-rivalain.com\/en\/wp-json\/wp\/v2\/pages"}],"about":[{"href":"https:\/\/www.jean-pierre-rivalain.com\/en\/wp-json\/wp\/v2\/types\/page"}],"author":[{"embeddable":true,"href":"https:\/\/www.jean-pierre-rivalain.com\/en\/wp-json\/wp\/v2\/users\/3"}],"replies":[{"embeddable":true,"href":"https:\/\/www.jean-pierre-rivalain.com\/en\/wp-json\/wp\/v2\/comments?post=45"}],"version-history":[{"count":5,"href":"https:\/\/www.jean-pierre-rivalain.com\/en\/wp-json\/wp\/v2\/pages\/45\/revisions"}],"predecessor-version":[{"id":6231,"href":"https:\/\/www.jean-pierre-rivalain.com\/en\/wp-json\/wp\/v2\/pages\/45\/revisions\/6231"}],"wp:featuredmedia":[{"embeddable":true,"href":"https:\/\/www.jean-pierre-rivalain.com\/en\/wp-json\/wp\/v2\/media\/150"}],"wp:attachment":[{"href":"https:\/\/www.jean-pierre-rivalain.com\/en\/wp-json\/wp\/v2\/media?parent=45"}],"curies":[{"name":"wp","href":"https:\/\/api.w.org\/{rel}","templated":true}]}}