{"id":53,"date":"2022-02-19T15:14:00","date_gmt":"2022-02-19T14:14:00","guid":{"rendered":"https:\/\/www.jean-pierre-rivalain.com\/?page_id=53"},"modified":"2024-11-21T16:55:04","modified_gmt":"2024-11-21T15:55:04","slug":"chef-operateur-de-prise-de-vue-tv-et-film-corporate","status":"publish","type":"page","link":"https:\/\/www.jean-pierre-rivalain.com\/en\/chef-operateur-de-prise-de-vue-tv-et-film-corporate\/","title":{"rendered":"cinematographer for television and corporate film"},"content":{"rendered":"<p><strong>Since 2002 :<\/strong><\/p>\n<p><strong>Chef op\u00e9rateur de prise de vue pour une soixante de documentaires, diffus\u00e9s en National (France 2, France 3, France 5, Arte, Canal +,\u00a0 Ushuaia TV, TV5&#8230;) ou International (SBS Australia, National G\u00e9ographic , Discovery Sciences, NHK, Animal Planet, TV Quebec, RTBF, TSR &#8230;)<\/strong><\/p>\n<p><strong>Produits par Mona Lisa Production, Little Monster Films, Cocottes Minute Production, Lato Sensu Productions, Zed Production, Les Bateli\u00e8res Production, Les Films en vrac, Transparences Production, Kwanza Production, Steam Boat-Lobster &#8230;.<\/strong><\/p>\n<p><strong>Chef Op\u00e9rateur de prise de vues pour des magazines TV pour M6 (C Productions,LF Prod) ,\u00a0 France3 (La Belle T\u00e9l\u00e9), Euronews, R\u00e9servoir Prod ,\u00a0 Effervescence Production, Marenco Production, Les films du soleil, Camicas Production<\/strong><\/p>\n<p>&nbsp;<\/p>\n<p><strong>Director\/camera operator for documentaries broadcast on  France 5, France 3 R\u00e9gion, Ushuaia TV, T\u00e9l\u00e9 Lyon M\u00e9tropole, Cap Canal<\/strong><\/p>\n<strong>Chef Op\u00e9rateur de prise de vue en film d&rsquo;entreprise pour Evimages (Arkema, Renault Trucks, Volvo), K53Production (EDF), M\u00e9dia Pro (GFC, ordre des experts comptables, Carrier) E-magineurs ( Renault Trucks, Thorn), Tulipes et Cie ,Label Production<br \/>\n<\/strong>\n<p><strong>Camera operator \/ Editor  for Via Storia ( France2 News ) and Label Info (TF1, News  LCI)  in the Rhone Alpes area<\/strong><\/p>\n<p><strong>\u00a0<\/strong><\/p>\n<strong>September 1993 to February 2002: Journalist Reporter Images \/ Editor, M6 Lyon<br \/>\nCam\u00e9raman reporter permanent pour le journal d&rsquo;information \u00ab le six minutes \u00bb de M6 \u00e0 Lyon.<\/strong>\n<strong>September 1998 to March 1999: Freelance cameraman in London<br \/>\nCamera operator  freelance at London for  Associated Press ( APTN ), France 2, Chinese Channel, SFdrs ( TV Suisse Allemande ), Wharf Cable TV ( Hong Kong TV ), ESPN .<\/strong>\n<strong>June 1992 to August 1993: Cameraman, M6 Paris<br \/>\nPermanent cameraman at M6 Studio in Paris.<\/strong>\n<strong>F\u00e9vrier 1992 \u00e0 Mai 1992 :<br \/>\nCam\u00e9raman freelance <\/strong>\n<p><strong>CAMERAS USED:<\/strong><\/p>\n<p><strong>4K and High Definition camera<\/strong><\/p>\n<p><strong>\u00ab PXW-FX9, PXW-FX6, F5, FS7, FS5 \u00bb Sony<\/strong><\/p>\n<p><strong>\u00ab RED Epic \u00bb Red<\/strong><\/p>\n<p><strong>\u00ab C300 , C500\u00bb Canon<\/strong><\/p>\n<strong>DSLR A7SIII Sony, GH5-S Panasonic, Canon Eos 5D Mark3, \u00a0EOS 1D ,<br \/>\n<\/strong>\n<p><strong>Et autrefois \u00a0&#8230;.\u00a0HD CAM \u00a0, DVC Pro HD , Cam\u00e9ra P2 Panasonic,<\/strong><\/p>\n<p><strong>XD Cam, Betacam, Hdv &#8230;.<\/strong><\/p>\n<p><strong>OTHER CAMERAS USED:<\/strong><\/p>\n<p><strong>Thermal camera, Astroscope (night vision), endoscope, macro shots and optical microscope<\/strong><\/p>\n<p><strong>MACHINERY USED:<\/strong><\/p>\n<p><strong>Grue ABC, Mini JiB,\u00a0 Slider motoris\u00e9, Dji Ronin<\/strong><\/p>\n<p><strong>UNDERWATER CAMERA USED<\/strong><\/p>\n<p><strong>Caisson Seacam pour GH5-S &#8211; Tournage Subaquatique 4K 4-2-2<\/strong><\/p>\n<p><strong>EDITING SOFTWARE USED<\/strong><\/p>\n<p>Premi\u00e8re Pro, Final Cut Pro, Avid Xpress Pro<\/p>\n<p><strong>DRONE PILOT<\/strong><\/p>\n<p>T\u00e9l\u00e9pilote agr\u00e9e DGAC<\/p>\n<p>Drone Dji Mavic 3 Pro &#8211; Dji Phantom 4 pro<\/p>","protected":false},"excerpt":{"rendered":"<p>Depuis 2002 : Chef op\u00e9rateur de prise de vue pour une soixante de documentaires, diffus\u00e9s en National (France 2, France 3, France 5, Arte, Canal +,\u00a0 Ushuaia TV, TV5&#8230;) ou International (SBS Australia, National G\u00e9ographic , Discovery Sciences, NHK, Animal Planet, TV Quebec, RTBF, TSR &#8230;) Produits par Mona Lisa [&hellip;]<\/p>","protected":false},"author":3,"featured_media":206,"parent":0,"menu_order":3,"comment_status":"closed","ping_status":"closed","template":"","meta":{"footnotes":""},"class_list":["post-53","page","type-page","status-publish","has-post-thumbnail","hentry"],"jetpack_sharing_enabled":true,"_links":{"self":[{"href":"https:\/\/www.jean-pierre-rivalain.com\/en\/wp-json\/wp\/v2\/pages\/53","targetHints":{"allow":["GET"]}}],"collection":[{"href":"https:\/\/www.jean-pierre-rivalain.com\/en\/wp-json\/wp\/v2\/pages"}],"about":[{"href":"https:\/\/www.jean-pierre-rivalain.com\/en\/wp-json\/wp\/v2\/types\/page"}],"author":[{"embeddable":true,"href":"https:\/\/www.jean-pierre-rivalain.com\/en\/wp-json\/wp\/v2\/users\/3"}],"replies":[{"embeddable":true,"href":"https:\/\/www.jean-pierre-rivalain.com\/en\/wp-json\/wp\/v2\/comments?post=53"}],"version-history":[{"count":11,"href":"https:\/\/www.jean-pierre-rivalain.com\/en\/wp-json\/wp\/v2\/pages\/53\/revisions"}],"predecessor-version":[{"id":6233,"href":"https:\/\/www.jean-pierre-rivalain.com\/en\/wp-json\/wp\/v2\/pages\/53\/revisions\/6233"}],"wp:featuredmedia":[{"embeddable":true,"href":"https:\/\/www.jean-pierre-rivalain.com\/en\/wp-json\/wp\/v2\/media\/206"}],"wp:attachment":[{"href":"https:\/\/www.jean-pierre-rivalain.com\/en\/wp-json\/wp\/v2\/media?parent=53"}],"curies":[{"name":"wp","href":"https:\/\/api.w.org\/{rel}","templated":true}]}}