{"id":184,"date":"2021-01-19T16:33:34","date_gmt":"2021-01-19T15:33:34","guid":{"rendered":"https:\/\/www.jean-pierre-rivalain.com\/?page_id=184"},"modified":"2024-11-21T16:46:29","modified_gmt":"2024-11-21T15:46:29","slug":"chef-operateur-prise-de-vue-en-documentaire","status":"publish","type":"page","link":"https:\/\/www.jean-pierre-rivalain.com\/fr_fr\/chef-operateur-prise-de-vue-en-documentaire\/","title":{"rendered":"Chef Op\u00e9rateur Prise de Vue en Documentaire"},"content":{"rendered":"\n\n\t<h2>Chef op\u00e9rateur de prise de vues pour Lato Sensu Productions\/Widestudios :<\/h2>\n<h3><strong>&#8211; \u00ab Aux sources de la Mer d&rsquo;Aral \u00bb 1&#215;52&prime; &#8211; Diffusion en 2024 &#8211; Arte- R\u00e9alisateur : Christophe Raylat<br \/>\n<\/strong><\/h3>\n<h2>Chef op\u00e9rateur de prise de vues pour Time Travel Unlimited:<\/h2>\n<h3><strong>&#8211; Camera B pour \u00ab Colette \u00bb\u00a0 &#8211; Diffusion en 2020 &#8211; Oscar 2020 , Best Documentary Short- R\u00e9alisateurs : Antony Giacchino et Alice Doyard<br \/>\n<\/strong><\/h3>\n<h2>Chef op\u00e9rateur de prise de vues pour Les Bateli\u00e8res Productions :<\/h2>\n<h3><strong>&#8211; \u00ab Les secrets enfouis de la basilique d&rsquo;Iznik \u00bb 1&#215;90\u2032 &#8211; Diffusion en 2024 &#8211; France 5 &#8211; R\u00e9alisateur : Pascal Guerin<br \/>\n<\/strong><\/h3>\n<h2>Chef op\u00e9rateur de prise de vues pour Les Films en Vrac :<\/h2>\n<h3><strong>&#8211; Cam\u00e9ra B pour \u00ab Pollen, le peuple des airs\u00a0 \u00bb 1&#215;52\u2032 &#8211; Diffusion en 2022 &#8211; Arte &#8211; R\u00e9alisateur : Claude-Julie Parisot<br \/>\n<\/strong><\/h3>\n<h2>Chef op\u00e9rateur de prise de vues pour La Belle T\u00e9l\u00e9 :<\/h2>\n<h3><strong>&#8211; \u00ab Biennale de Lyon, \u00e0 vos marques, pr\u00eats, dansez ! \u00bb 1&#215;52\u2032 &#8211; Diffusion en 2023 &#8211; France 3 &#8211; R\u00e9alisateur : C\u00e9cile Quiroz<br \/>\n<\/strong><\/h3>\n<h2>Chef op\u00e9rateur de prise de vues pour Mona Lisa Production :<\/h2>\n<h3><strong>&#8211; \u00ab Dans la peau du L\u00e9gionnaire Romain \u00bb 1&#215;90\u2032 &#8211; Diffusion en 2023 &#8211; France 5 &#8211; R\u00e9alisateur : Pierre-Fran\u00e7ois Gaudry<br \/>\n<\/strong><\/h3>\n<h3><strong>&#8211; \u00ab Quand l&rsquo;homme n&rsquo;est pas l\u00e0, les animaux dansent \u00bb 2&#215;43\u2032 &#8211; Diffusion en 2022 &#8211; Arte &#8211; R\u00e9alisateur : Thierry Berrod<br \/>\n<\/strong><\/h3>\n<h3><strong>&#8211; \u00ab Gaia\u00bb 1&#215;90\u2032 &#8211; Diffusion en 2022 &#8211; France 5 &#8211; R\u00e9alisateur : Pierre-Fran\u00e7ois Gaudry<\/strong><\/h3>\n<h3>&#8211; \u00ab Mangroves Vivantes \u00bb 2\u00d752\u2032 &#8211; Diffusion en 2020 &#8211; Arte- R\u00e9alisateur: Thierry Berrod et Christine Tournadre<\/h3>\n<h3>&#8211; \u00ab Toilettes sans tabou \u00bb 1\u00d752\u2032 &#8211; Diffusion en 2020 &#8211; Arte- R\u00e9alisateur: Thierry Berrod<\/h3>\n<h3>&#8211; \u00abNotre corps, ce r\u00e9seau social\u00bb 1&#215;52\u2032 &#8211; Diffusion en 2020 &#8211; France 5 &#8211; R\u00e9alisateur : Pierre-Fran\u00e7ois Gaudry<\/h3>\n<h3>&#8211; \u00ab Le retour des envahisseurs invisibles \u00bb 1\u00d752\u2032 &#8211; Diffusion en 2019 &#8211; Arte- R\u00e9alisateur: Thierry Berrod<\/h3>\n<h3>&#8211; \u00ab Proprioception, le sixi\u00e8me sens \u00bb 52\u2032 &#8211; Diffusion en 2019 &#8211; Arte- R\u00e9alisateur: Vincent Amouroux<\/h3>\n<h3>&#8211; \u00ab Paradis de Rouille \u00bb 4\u00d752\u2032 &#8211; Diffusion en 2018 &#8211; Arte- R\u00e9alisateur: Thierry Berrod<\/h3>\n<h3>&#8211; \u00abLes fabuleux pouvoirs de l&rsquo;Hypnose \u00bb 1&#215;90\u2032 &#8211; Diffusion en 2017 &#8211; Arte &#8211; R\u00e9alisateur : Pierre-Fran\u00e7ois Gaudry<\/h3>\n<h3>&#8211; \u00abLengguru, the lost world \u00bb 1&#215;90\u2032- 2&#215;45&prime;-4&#215;52&prime;- Diffusion en 2016 &#8211; Arte, Ushaia TV &#8211; R\u00e9alisateur : Christine Tournadre<\/h3>\n<h3>&#8211; \u00abPlan\u00e8te Sable- D\u00e9sert d&rsquo;Atacama\u00a0\u00bb 1&#215;52&prime; &#8211; Diffusion en 2015, Arte &#8211; R\u00e9alisateur: Paul-Aur\u00e9lien Combe<\/h3>\n<h3>&#8211; \u00abH\u00e9t\u00e9rosexuel ou presque \u00bb 1&#215;90\u2032 &#8211; Diffusion en 2015 &#8211; France 2 R\u00e9alisateur : Thierry Berrod<\/h3>\n<h3>&#8211; \u00ab\u00a0Plan\u00e8te corps 1&#215;90&prime;, 2&#215;52&prime; &#8211; Diffusion en 2014, Arte, SBS, RTBF, Discovery TV5 Canada &#8211; R\u00e9alisateur: Pierre-Fran\u00e7ois Gaudry<\/h3>\n<h3>&#8211; \u00ab Plan\u00e8te Glace \u00bb 3\u00d752\u2032 &#8211; Diffusion en 2014 &#8211; Arte, Ushuaia TV, TV5 canada &#8211; R\u00e9alisateur : Thierry Berrod et Vincent Amouroux<\/h3>\n<h3>&#8211; \u00ab Polygames mais fid\u00e8les \u00bb 1&#215;90&prime;-Diffusion 2012 France 2-RTBF-RTS- R\u00e9alisateur : Thierry Berrod<\/h3>\n<h3>&#8211; \u00ab Esp\u00e8ce de !\u00bb 1&#215;90&prime;- Diffusion 2012 Canal + &#8211; R\u00e9alisateur: Pierre-Fran\u00e7ois Gaudry<\/h3>\n<h3>&#8211; Bye Bye Cobaye ? -1&#215;52&prime;-Diffusion Juin 2011 &#8211; France 5 R\u00e9alisateur : Pierre-Fran\u00e7ois Gaudry<\/h3>\n<h3>&#8211; \u00ab\u00a0Vivre en enfer \u00a0\u00bb 4&#215;52&prime;- Diffusion Automne 2011- Arte<\/h3>\n<h3>R\u00e9alisateur: Thierry Berrod et Vincent Amouroux<\/h3>\n<h3>&#8211; \u00abManimal, Quand les loups font leur cin\u00e9ma \u00bb 1&#215;52&prime;- Diffusion 2011-Arte &#8211; R\u00e9alisateur: Pierre-Fran\u00e7ois Gaudry<\/h3>\n<h3>&#8211; \u00abManimal, Dauphins ambassadeurs, les messagers de la mer \u00bb 1&#215;52&prime;- Diffusion 2011-Arte &#8211; R\u00e9alisateurs : Jeanne Mascolo de Filippis et Bruno Vienne<\/h3>\n<h3>&#8211; \u00ab\u00a0Du b\u00e9b\u00e9 au baiser\u00a0\u00bb 2&#215;52&prime;-1&#215;90&prime;- Diffusion 2009 France2 et Arte R\u00e9alisateur : Thierry Berrod<\/h3>\n<h3>&#8211; \u00ab\u00a0La France, dig\u00e8re t-elle la mondialisation\u00a0\u00bb -1&#215;90&prime;- Diffusion 2009 Plan\u00e8te &#8211; R\u00e9alisateur : Pierre-Fran\u00e7ois Gaudry<\/h3>\n<h3>&#8211; \u00ab Animaux sentinelles \u00bb 2x 52&prime; &#8211; \u00ab\u00a0Pollution des eaux\u00a0\u00bb et \u00ab\u00a0Alerte aux tsunamis\u00a0\u00bb &#8211; Diffusion : Arte<br \/>\nR\u00e9alisateurs : Kamel Kezadri et Vincent Amouroux<\/h3>\n<h3>&#8211; \u00abAu nom de la rose \u00bb 3&#215;52&prime; &#8211; Diffusion Arte, Planete &#8211; R\u00e9alisateur\u00a0: Thierry Berrod et Quincy Russel<\/h3>\n<h3>&#8211; \u00ab Le charisme politique, histoire sans parole \u00bb 1&#215;90&prime; &#8211; Diffusion Canal +, RTBF<br \/>\nR\u00e9alisateur : Thierry Berrod<\/h3>\n<h3>&#8211; \u00ab Humanimal \u00bb 5x 52&prime;- Diffusion : France 2, Arte ,SBS, TV Quebec<br \/>\nR\u00e9alisateurs : Vincent Amouroux et Thierry Berrod<\/h3>\n<h3>&#8211; \u00ab L&rsquo;aventure int\u00e9rieure, Du baiser au b\u00e9b\u00e9 \u00bb 90&prime;- Diffusion : France 2, Arte, Discovery Channel, NDR, NHK, TV Quebec, RTBF, TVSR<br \/>\nR\u00e9alisateur : Thierry Berrod<\/h3>\n<h3>&#8211; S\u00e9rie \u00ab Les envahisseurs invisibles \u00bb 3&#215;52&prime; \u00ab Fourmis Carnivores \u00bb, \u00ab Bact\u00e9riland \u00bb, \u00ab Spider Game, Arachnomania \u00bb &#8211; Diffusion : France 5, National Geo.<br \/>\nR\u00e9alisateur : Thierry Berrod<\/h3>\n<h3>&#8211; \u00ab Face \u00e0 face avec nos anc\u00eatres \u00bb 52&prime; &#8211; Diffusion : France 2, Arte<br \/>\nR\u00e9alisateur : Philippe Plailly<\/h3>\n<h3>&#8211; \u00ab Le G\u00e9nie\u00a0Magdal\u00e9nien \u00bb 52&prime; &#8211; Diffusion : Arte (Mai 2007)<br \/>\nR\u00e9alisateur : Philippe Plailly<\/h3>\n<h2>Chef op\u00e9rateur de prise de vues pour Cocottes Minute Productions :<\/h2>\n<h3>&#8211; \u00ab Oumuamua, l&rsquo;inconnu venu d&rsquo;ailleurs \u00bb 90&prime; &#8211; Diffusion en 2025 : France 5- R\u00e9alis\u00e9 par J\u00e9rome S\u00e9gur<\/h3>\n<h3>&#8211; \u00ab La folie et apr\u00e8s ? \u00bb 52&prime; &#8211; Diffusion en 2023 : France 3 Rh\u00f4ne Alpes- R\u00e9alis\u00e9 par Sylvie Perrin<\/h3>\n<h3>&#8211; \u00ab Nos enfants troubles \u00bb 52&prime; &#8211; Diffusion en 2020 : France 3 Rh\u00f4ne Alpes-Public s\u00e9nat- R\u00e9alis\u00e9 par Sylvie Perrin<\/h3>\n<h3>&#8211; \u00ab Les enfants de la lanterne magique \u00bb 52&prime; &#8211; Diffusion en 2021 : Canal + &#8211; R\u00e9alis\u00e9 par Sylvie Perrin<\/h3>\n<h3>&#8211; \u00ab Cataclysmes, les grands r\u00e9gulateurs \u00bb 90&prime; &#8211; Diffusion en 2022 : France 5,NHK,Ushaia TV,RTBF &#8211; R\u00e9alis\u00e9 par Christine Tournadre<\/h3>\n<h3>&#8211; \u00ab Matali Crasset &#8211; collection Influence \u00bb 52&prime; &#8211; Diffusion en 2019 : France 5- R\u00e9alisateur : R\u00e9my Batteault<\/h3>\n<h3>&#8211; \u00ab Les accueillants \u00bb 52&prime; &#8211; Diffusion en 2018 : France 3 Rh\u00f4ne Alpes- R\u00e9alisateur :Sylvie Perrin<\/h3>\n<h3>&#8211; \u00ab Allons Z&rsquo;enfants \u00bb 52&prime; &#8211; Diffusion en 2017 : France 3 Rh\u00f4ne Alpes- R\u00e9alisateur :Sylvie Perrin<\/h3>\n<h3>&#8211; \u00ab Dieu, le Diable et le Rock n&rsquo;Roll \u00bb 52&prime; &#8211; Diffusion en 2017: Arte &#8211; R\u00e9alisateur :Nicolas L\u00e9vy-Beff<\/h3>\n<h3>&#8211; \u00ab Le Rh\u00f4ne, la renaissance d&rsquo;un fleuve \u00bb52&prime; &#8211; Diffusion sur Arte en 2015 R\u00e9alisateur : Claude-Julie Parisot<\/h3>\n<h3>&#8211; \u00ab\u00a0L&rsquo;\u00e9gout et les valeurs \u00bb 26&prime; &#8211; Diffusion : T\u00e9l\u00e9 Lyon M\u00e9tropole- R\u00e9alisateur : Adrien Rivollier<\/h3>\n<h3>&#8211; \u00ab Dans le cabinet du juge \u00bb 3&#215;26&prime; &#8211; Diffusion : Public S\u00e9nat- R\u00e9alisateur : Adrien Rivollier<\/h3>\n<h3>&#8211; \u00ab M\u00e9rieux, p\u00e8re et fils, un roman industriel \u00bb 52&prime; &#8211; Diffusion : France 3 Rh\u00f4ne Alpes &#8211; R\u00e9alisateur :Gil Rabier<\/h3>\n<h2>Chef op\u00e9rateur pour Zed Production :<\/h2>\n<h3>&#8211; \u00ab L&rsquo;Odyss\u00e9e Interstellaire \u00bb 4 x52&prime;-Diffusion en 2019 sur Arte-SBS\u00a0 &#8211; R\u00e9alisateur : Vincent Amouroux<\/h3>\n<h3>&#8211; \u00ab Nos ordinateurs ont ils la m\u00e9moire courte ? \u00bb 1 x52&prime;-Diffusion en 2015 sur Arte &#8211; R\u00e9alisateur : Vincent Amouroux<\/h3>\n<h3>&#8211; \u00ab\u00a0Les conqu\u00e9rants : la chenille processionnaire du pin \u00bb 1 x52&prime;-Diffusion en 2013 sur Arte &#8211; R\u00e9alisateur : Vincent Amouroux<\/h3>\n<h3>&#8211; \u00ab Le r\u00e8gne de l &lsquo;araign\u00e9e \u00bb 1 x52&rsquo;-Diffusion en 2012 sur Arte &#8211; National Geographic US-TV5 Canada R\u00e9alisateur : Vincent Amouroux<\/h3>\n<h2>Chef op\u00e9rateur pour Kwanza Productions :<\/h2>\n<h3>&#8211; \u00ab Le myst\u00e9rieux volcan du moyen \u00e2ge \u00bb 1 x52&prime;-Diffusion en 2017 sur Arte &#8211; R\u00e9alisateur : Pascal Gu\u00e9rin<\/h3>\n<h2>Chef op\u00e9rateur pour Transparences Productions :<\/h2>\n<h3>&#8211; \u00ab Voyage sous nos pieds \u00bb 2 x52&prime;-Diffusion en 2016 sur Arte &#8211; R\u00e9alisateur : Vincent Amouroux<\/h3>\n<h2>Chef op\u00e9rateur de prise de vues pour Steam Boat Production\/Lobster<\/h2>\n<h3>&#8211; \u00ab Les 60 ans de la 2CV\u00bb 52&prime; &#8211; Diffusion : France 5<br \/>\nR\u00e9alisateur : Vincent Amouroux<\/h3>\n<h2>Chef op\u00e9rateur pour Octogone Production :<\/h2>\n<h3>&#8211; \u00ab Vapeurs des lacs \u00bb 52&prime;- Diffusion : France 3<\/h3>\n<h3>&#8211; \u00ab Villes Fant\u00f4mes \u00bb 52&prime;- Diffusion Voyage<\/h3>\n<h3>&#8211; \u00ab L&rsquo;esprit des friches \u00bb 52&prime;- Diffusion : France 5<br \/>\nR\u00e9alisateur : Claude-Pierre Chavanon<\/h3>\n\n","protected":false},"excerpt":{"rendered":"<p>Chef op\u00e9rateur de prise de vues pour Lato Sensu Productions\/Widestudios : &#8211; \u00ab Aux sources de la Mer d&rsquo;Aral \u00bb 1&#215;52&prime; &#8211; Diffusion en 2024 &#8211; Arte- R\u00e9alisateur : Christophe Raylat Chef op\u00e9rateur de prise de vues pour Time Travel Unlimited: &#8211; Camera B pour \u00ab Colette \u00bb\u00a0 &#8211; Diffusion [&hellip;]<\/p>\n","protected":false},"author":3,"featured_media":192,"parent":0,"menu_order":0,"comment_status":"closed","ping_status":"closed","template":"","meta":{"footnotes":""},"class_list":["post-184","page","type-page","status-publish","has-post-thumbnail","hentry"],"jetpack_sharing_enabled":true,"_links":{"self":[{"href":"https:\/\/www.jean-pierre-rivalain.com\/fr_fr\/wp-json\/wp\/v2\/pages\/184","targetHints":{"allow":["GET"]}}],"collection":[{"href":"https:\/\/www.jean-pierre-rivalain.com\/fr_fr\/wp-json\/wp\/v2\/pages"}],"about":[{"href":"https:\/\/www.jean-pierre-rivalain.com\/fr_fr\/wp-json\/wp\/v2\/types\/page"}],"author":[{"embeddable":true,"href":"https:\/\/www.jean-pierre-rivalain.com\/fr_fr\/wp-json\/wp\/v2\/users\/3"}],"replies":[{"embeddable":true,"href":"https:\/\/www.jean-pierre-rivalain.com\/fr_fr\/wp-json\/wp\/v2\/comments?post=184"}],"version-history":[{"count":17,"href":"https:\/\/www.jean-pierre-rivalain.com\/fr_fr\/wp-json\/wp\/v2\/pages\/184\/revisions"}],"predecessor-version":[{"id":6228,"href":"https:\/\/www.jean-pierre-rivalain.com\/fr_fr\/wp-json\/wp\/v2\/pages\/184\/revisions\/6228"}],"wp:featuredmedia":[{"embeddable":true,"href":"https:\/\/www.jean-pierre-rivalain.com\/fr_fr\/wp-json\/wp\/v2\/media\/192"}],"wp:attachment":[{"href":"https:\/\/www.jean-pierre-rivalain.com\/fr_fr\/wp-json\/wp\/v2\/media?parent=184"}],"curies":[{"name":"wp","href":"https:\/\/api.w.org\/{rel}","templated":true}]}}