{"id":50,"date":"2021-01-14T15:14:03","date_gmt":"2021-01-14T14:14:03","guid":{"rendered":"https:\/\/www.jean-pierre-rivalain.com\/?page_id=50"},"modified":"2024-11-21T16:49:12","modified_gmt":"2024-11-21T15:49:12","slug":"cameraman-subaquatique-classe-1b","status":"publish","type":"page","link":"https:\/\/www.jean-pierre-rivalain.com\/fr_fr\/cameraman-subaquatique-classe-1b\/","title":{"rendered":"Cam\u00e9raman Subaquatique Classe 1B"},"content":{"rendered":"\n\n\t<p>&nbsp;<\/p>\n<p><strong>Chef Op\u00e9rateur de Prises de Vue Subaquatique<\/strong><\/p>\n<strong>Form\u00e9 \u00e0 la s\u00e9curit\u00e9 en milieu hyperbare classe 1B au GRASM &#8211; Niveau plong\u00e9e 3<br \/>\nPermis bateau mer et rivi\u00e8re<\/strong>\n<strong>Mat\u00e9riel utilis\u00e9:<br \/>\nCaisson sous-marin Seacam avec cam\u00e9ra Panasonic GH5-S, 4K 4.2.2 10 Bit, \u00e9clairage phare Keldan<\/strong>\n<p><strong>Tournage de s\u00e9quences sous marines pour:<\/strong><\/p>\n<h3><strong>\u00ab Les secrets enfouis de la basilique d&rsquo;Iznik \u00bb 1&#215;90\u2032 &#8211; Diffusion en 2024 &#8211; France 5 &#8211; R\u00e9alisateur : Pascal Guerin<\/strong><\/h3>\n<h3><strong>\u00ab Gaia\u00bb 1&#215;90\u2032 &#8211; Diffusion en 2022 &#8211; France 5 &#8211; R\u00e9alisateur : Pierre-Fran\u00e7ois Gaudry<\/strong><\/h3>\n<p><strong>\u00ab\u00a0Lengguru, Papouasie, exp\u00e9dition au c\u0153ur d&rsquo;un monde perdu \u00a0\u00bb de Christine Tournadre &#8211; Diffusion sur Arte<\/strong><\/p>\n<p><strong>\u00ab\u00a0Le Rhone, la rennaissance d&rsquo;un fleuve\u00a0\u00bb de Claude-Julie Parisot &#8211; Diffusion sur Arte<\/strong><\/p>\n<p><strong>Le film a re\u00e7u en Avril 2015 le troph\u00e9e de bronze de la f\u00eate Europ\u00e9enne de l&rsquo;image sous marine et de l&rsquo;environnement de Strasbourg<\/strong><\/p>\n<p><strong>\u00ab\u00a0Animan &#8211; Dauphins\u00a0\u00bb, s\u00e9rie \u00ab\u00a0Animan\u00a0\u00bb de Bruno Vienne et Jeanne Mascolo de Filippis-Diffusion sur Arte<\/strong><\/p>\n<p><strong>\u00ab\u00a0L&rsquo;Homo Delphinus\u00a0\u00bb , s\u00e9rie \u00ab\u00a0Humanimal\u00a0\u00bb de Vincent Amouroux -Diffus\u00e9 sur France 2 et Arte<\/strong><\/p>\n<p><strong>\u00ab\u00a0Prix du Meilleur Documentaire\u00a0\u00bb au Festival International du Film \u00ab\u00a0Water, Sea &amp; The Oceans\u00a0\u00bb (Prague, R\u00e9publique Tch\u00e8que)<\/strong><\/p>\n<p><strong>\u00ab\u00a0Pollutions des eaux\u00a0\u00bb ( R\u00e9al. Vincent Amouroux) et \u00ab\u00a0Alerte aux Tsunamis\u00a0\u00bb de Kamel K\u00e9zadri pour la s\u00e9rie \u00ab\u00a0Animaux Sentinels\u00a0\u00bb, Diffusion sur Arte<\/strong><\/p>\n\n","protected":false},"excerpt":{"rendered":"<p>&nbsp; Chef Op\u00e9rateur de Prises de Vue Subaquatique Form\u00e9 \u00e0 la s\u00e9curit\u00e9 en milieu hyperbare classe 1B au GRASM &#8211; Niveau plong\u00e9e 3 Permis bateau mer et rivi\u00e8re Mat\u00e9riel utilis\u00e9: Caisson sous-marin Seacam avec cam\u00e9ra Panasonic GH5-S, 4K 4.2.2 10 Bit, \u00e9clairage phare Keldan Tournage de s\u00e9quences sous marines pour: [&hellip;]<\/p>\n","protected":false},"author":3,"featured_media":146,"parent":0,"menu_order":2,"comment_status":"closed","ping_status":"closed","template":"","meta":{"footnotes":""},"class_list":["post-50","page","type-page","status-publish","has-post-thumbnail","hentry"],"jetpack_sharing_enabled":true,"_links":{"self":[{"href":"https:\/\/www.jean-pierre-rivalain.com\/fr_fr\/wp-json\/wp\/v2\/pages\/50","targetHints":{"allow":["GET"]}}],"collection":[{"href":"https:\/\/www.jean-pierre-rivalain.com\/fr_fr\/wp-json\/wp\/v2\/pages"}],"about":[{"href":"https:\/\/www.jean-pierre-rivalain.com\/fr_fr\/wp-json\/wp\/v2\/types\/page"}],"author":[{"embeddable":true,"href":"https:\/\/www.jean-pierre-rivalain.com\/fr_fr\/wp-json\/wp\/v2\/users\/3"}],"replies":[{"embeddable":true,"href":"https:\/\/www.jean-pierre-rivalain.com\/fr_fr\/wp-json\/wp\/v2\/comments?post=50"}],"version-history":[{"count":11,"href":"https:\/\/www.jean-pierre-rivalain.com\/fr_fr\/wp-json\/wp\/v2\/pages\/50\/revisions"}],"predecessor-version":[{"id":6230,"href":"https:\/\/www.jean-pierre-rivalain.com\/fr_fr\/wp-json\/wp\/v2\/pages\/50\/revisions\/6230"}],"wp:featuredmedia":[{"embeddable":true,"href":"https:\/\/www.jean-pierre-rivalain.com\/fr_fr\/wp-json\/wp\/v2\/media\/146"}],"wp:attachment":[{"href":"https:\/\/www.jean-pierre-rivalain.com\/fr_fr\/wp-json\/wp\/v2\/media?parent=50"}],"curies":[{"name":"wp","href":"https:\/\/api.w.org\/{rel}","templated":true}]}}